{"id":425,"date":"2020-07-06T15:39:10","date_gmt":"2020-07-06T15:39:10","guid":{"rendered":"http:\/\/thepinehill.com\/reef\/?page_id=425"},"modified":"2020-07-20T06:46:38","modified_gmt":"2020-07-20T06:46:38","slug":"qr-menu-food-tr","status":"publish","type":"page","link":"https:\/\/thepinehill.com\/reef\/qr-menu-food-tr\/","title":{"rendered":"QR Menu Yemek"},"content":{"rendered":"<div class=\"wpb-content-wrapper\"><p>[vc_row full_width=&#8221;nowidthrow&#8221; el_class=&#8221;vc_custom_qrmenu&#8221; css=&#8221;.vc_custom_1595185277249{margin-bottom: 0px !important;padding-top: 0px !important;padding-bottom: 0px !important;}&#8221;][vc_column css=&#8221;.vc_custom_1595185263220{margin-bottom: 0px !important;padding-bottom: 0px !important;}&#8221;][vc_single_image image=&#8221;571&#8243; img_size=&#8221;724&#215;416&#8243; alignment=&#8221;center&#8221; css=&#8221;.vc_custom_1595188614982{margin-bottom: 0px !important;padding-bottom: 0px !important;}&#8221;][\/vc_column][\/vc_row][vc_row full_width=&#8221;nowidthrow&#8221; el_class=&#8221;indexbg&#8221; css=&#8221;.vc_custom_1595183842153{padding-top: 0px !important;}&#8221;][vc_column width=&#8221;1\/6&#8243;][\/vc_column][vc_column width=&#8221;8\/12&#8243; el_class=&#8221;vc_custom_qrmenu_list&#8221;][vc_column_text el_class=&#8221;indextext&#8221;]<span style=\"text-decoration: underline;\"><a href=\"#page1\"><span style=\"color: #000000; text-decoration: underline;\"><strong>Page 1 :\u00a0 \u00a0 \u00a0 \u00a0 \u00a0 \u00a0BA\u015eLANGI\u00c7LAR<\/strong><\/span><\/a><\/span><\/p>\n<p><span style=\"text-decoration: underline;\"><a href=\"#page2\"><span style=\"color: #000000; text-decoration: underline;\"><strong>Page 2 :\u00a0 \u00a0 \u00a0 \u00a0 \u00a0 \u00a0PAYLA\u015eIM TABAKLARI<\/strong><\/span><\/a><\/span><\/p>\n<p><span style=\"text-decoration: underline;\"><a href=\"#page3\"><span style=\"color: #000000; text-decoration: underline;\"><strong>Page 3-4 :\u00a0 \u00a0 \u00a0 \u00a0\u00a0ANA YEMEKLER<\/strong><\/span><\/a><\/span><\/p>\n<p><span style=\"text-decoration: underline;\"><a href=\"#page5\"><span style=\"color: #000000; text-decoration: underline;\"><strong>Page 5 :\u00a0 \u00a0 \u00a0 \u00a0 \u00a0 \u00a0SALATA VE SA\u011eLIKLI YA\u015eAM TABAKLARI<\/strong><\/span><\/a><\/span><\/p>\n<p><span style=\"text-decoration: underline;\"><a href=\"#page6\"><span style=\"color: #000000; text-decoration: underline;\"><strong>Page 6 :\u00a0 \u00a0 \u00a0 \u00a0 \u00a0 \u00a0MAKARNALAR VE SOSLARI<\/strong><\/span><\/a><\/span><\/p>\n<p><span style=\"text-decoration: underline;\"><a href=\"#page7\"><span style=\"color: #000000; text-decoration: underline;\"><strong>Page 7 :\u00a0 \u00a0 \u00a0 \u00a0 \u00a0 \u00a0BURGERLER<\/strong><\/span><\/a><\/span><\/p>\n<p><span style=\"text-decoration: underline;\"><a href=\"#page8\"><span style=\"color: #000000; text-decoration: underline;\"><strong>Page 8 :\u00a0 \u00a0 \u00a0 \u00a0 \u00a0 \u00a0D\u00dcR\u00dcM\u00a0&amp; SANDV\u0130\u00c7LER<\/strong><\/span><\/a><\/span><\/p>\n<p><span style=\"text-decoration: underline;\"><a href=\"#page9\"><span style=\"color: #000000; text-decoration: underline;\"><strong>Page 9 :\u00a0 \u00a0 \u00a0 \u00a0 \u00a0 \u00a0GURME P\u0130ZZALAR<\/strong><\/span><\/a><\/span><\/p>\n<p><span style=\"text-decoration: underline;\"><a href=\"#page10\"><span style=\"color: #000000; text-decoration: underline;\"><strong>Page10 :\u00a0 \u00a0 \u00a0 \u00a0 \u00a0 \u00a0TATLILAR<\/strong><\/span><\/a><\/span><\/p>\n<p><span style=\"text-decoration: underline;\"><span style=\"color: #000000; text-decoration: underline;\"><strong><a style=\"color: #000000; text-decoration: underline;\" href=\"#page11\">Page11 :\u00a0 \u00a0 \u00a0 \u00a0 \u00a0 \u00a0 K\u00dc\u00c7\u00dcK ARKADA\u015e MEN\u00dcS\u00dc<\/a><\/strong><\/span><\/span>[\/vc_column_text][\/vc_column][vc_column width=&#8221;1\/6&#8243;][\/vc_column][\/vc_row][vc_row full_width=&#8221;nowidthrow&#8221; el_id=&#8221;page1&#8243;][vc_column][vc_single_image image=&#8221;475&#8243; img_size=&#8221;large&#8221; alignment=&#8221;center&#8221;][\/vc_column][\/vc_row][vc_row full_width=&#8221;nowidthrow&#8221; el_id=&#8221;page2&#8243;][vc_column][vc_single_image image=&#8221;476&#8243; img_size=&#8221;large&#8221; alignment=&#8221;center&#8221;][\/vc_column][\/vc_row][vc_row full_width=&#8221;nowidthrow&#8221; el_id=&#8221;page3&#8243;][vc_column][vc_single_image image=&#8221;477&#8243; img_size=&#8221;large&#8221; alignment=&#8221;center&#8221;][\/vc_column][\/vc_row][vc_row full_width=&#8221;nowidthrow&#8221; el_id=&#8221;page4&#8243;][vc_column][vc_single_image image=&#8221;478&#8243; img_size=&#8221;large&#8221; alignment=&#8221;center&#8221;][\/vc_column][\/vc_row][vc_row full_width=&#8221;nowidthrow&#8221; el_id=&#8221;page5&#8243;][vc_column][vc_single_image image=&#8221;479&#8243; img_size=&#8221;large&#8221; alignment=&#8221;center&#8221;][\/vc_column][\/vc_row][vc_row full_width=&#8221;nowidthrow&#8221; el_id=&#8221;page6&#8243;][vc_column][vc_single_image image=&#8221;480&#8243; img_size=&#8221;large&#8221; alignment=&#8221;center&#8221;][\/vc_column][\/vc_row][vc_row full_width=&#8221;nowidthrow&#8221; el_id=&#8221;page7&#8243;][vc_column][vc_single_image image=&#8221;481&#8243; img_size=&#8221;large&#8221; alignment=&#8221;center&#8221;][\/vc_column][\/vc_row][vc_row full_width=&#8221;nowidthrow&#8221; el_id=&#8221;page8&#8243;][vc_column][vc_single_image image=&#8221;482&#8243; img_size=&#8221;large&#8221; alignment=&#8221;center&#8221;][\/vc_column][\/vc_row][vc_row full_width=&#8221;nowidthrow&#8221; el_id=&#8221;page9&#8243;][vc_column][vc_single_image image=&#8221;483&#8243; img_size=&#8221;large&#8221; alignment=&#8221;center&#8221;][\/vc_column][\/vc_row][vc_row full_width=&#8221;nowidthrow&#8221; el_id=&#8221;page10&#8243;][vc_column][vc_single_image image=&#8221;484&#8243; img_size=&#8221;large&#8221; alignment=&#8221;center&#8221;][\/vc_column][\/vc_row][vc_row full_width=&#8221;nowidthrow&#8221; el_id=&#8221;page11&#8243;][vc_column][vc_single_image image=&#8221;485&#8243; img_size=&#8221;large&#8221; alignment=&#8221;center&#8221;][\/vc_column][\/vc_row]<\/p>\n<\/div>","protected":false},"excerpt":{"rendered":"<p>[vc_row full_width=&#8221;nowidthrow&#8221; el_class=&#8221;vc_custom_qrmenu&#8221; css=&#8221;.vc_custom_1595185277249{margin-bottom: 0px !important;padding-top: 0px !important;padding-bottom: 0px !important;}&#8221;][vc_column  [&#8230;]<\/p>\n","protected":false},"author":1,"featured_media":0,"parent":0,"menu_order":0,"comment_status":"closed","ping_status":"closed","template":"","meta":{"footnotes":""},"class_list":["post-425","page","type-page","status-publish","hentry"],"_links":{"self":[{"href":"https:\/\/thepinehill.com\/reef\/wp-json\/wp\/v2\/pages\/425","targetHints":{"allow":["GET"]}}],"collection":[{"href":"https:\/\/thepinehill.com\/reef\/wp-json\/wp\/v2\/pages"}],"about":[{"href":"https:\/\/thepinehill.com\/reef\/wp-json\/wp\/v2\/types\/page"}],"author":[{"embeddable":true,"href":"https:\/\/thepinehill.com\/reef\/wp-json\/wp\/v2\/users\/1"}],"replies":[{"embeddable":true,"href":"https:\/\/thepinehill.com\/reef\/wp-json\/wp\/v2\/comments?post=425"}],"version-history":[{"count":14,"href":"https:\/\/thepinehill.com\/reef\/wp-json\/wp\/v2\/pages\/425\/revisions"}],"predecessor-version":[{"id":575,"href":"https:\/\/thepinehill.com\/reef\/wp-json\/wp\/v2\/pages\/425\/revisions\/575"}],"wp:attachment":[{"href":"https:\/\/thepinehill.com\/reef\/wp-json\/wp\/v2\/media?parent=425"}],"curies":[{"name":"wp","href":"https:\/\/api.w.org\/{rel}","templated":true}]}}