{"id":378,"date":"2020-07-04T19:26:54","date_gmt":"2020-07-04T19:26:54","guid":{"rendered":"http:\/\/thepinehill.com\/reef\/?page_id=378"},"modified":"2020-07-17T07:56:00","modified_gmt":"2020-07-17T07:56:00","slug":"qr-menu-tr","status":"publish","type":"page","link":"https:\/\/thepinehill.com\/reef\/qr-menu-tr\/","title":{"rendered":"QR Menu TR"},"content":{"rendered":"<div class=\"wpb-content-wrapper\"><p>[vc_row full_width=&#8221;nowidthrow&#8221; css=&#8221;.vc_custom_1593768910767{margin-bottom: 1px !important;}&#8221; el_class=&#8221;.vc_custom_qrmenu&#8221;][vc_column][vc_single_image image=&#8221;5&#8243; img_size=&#8221;full&#8221; alignment=&#8221;center&#8221;][vc_text_separator title=&#8221;QR MENU&#8221; heading=&#8221;2&#8243; headingbg=&#8221;yes&#8221; color=&#8221;sunflower&#8221; el_width=&#8221;50&#8243;][vc_button2 title=&#8221;\u0130\u00e7ki Men\u00fcs\u00fc&#8221; align=&#8221;center&#8221; style=&#8221;square&#8221; color=&#8221;pomegranate&#8221; link=&#8221;url:http%3A%2F%2Fthepinehill.com%2Freef%2Fqr-menu-drinks||&#8221;][vc_empty_space height=&#8221;12px&#8221;][vc_button2 title=&#8221;Kahvalt\u0131 Men\u00fcs\u00fc&#8221; align=&#8221;center&#8221; style=&#8221;square&#8221; color=&#8221;pomegranate&#8221; link=&#8221;url:http%3A%2F%2Fthepinehill.com%2Freef%2Fqr-menu-kahvalti%2F||&#8221;][vc_empty_space height=&#8221;12px&#8221;][vc_button2 title=&#8221;Yemek Men\u00fcs\u00fc&#8221; align=&#8221;center&#8221; style=&#8221;square&#8221; color=&#8221;pomegranate&#8221; link=&#8221;url:http%3A%2F%2Fthepinehill.com%2Freef%2Fqr-menu-food-tr||&#8221;][vc_empty_space height=&#8221;12px&#8221;][vc_button2 title=&#8221;\u015earap Men\u00fcs\u00fc&#8221; align=&#8221;center&#8221; style=&#8221;square&#8221; color=&#8221;pomegranate&#8221; link=&#8221;url:http%3A%2F%2Fthepinehill.com%2Freef%2Fqr-menu-wine||&#8221;][\/vc_column][\/vc_row]<\/p>\n<\/div>","protected":false},"excerpt":{"rendered":"<p>[vc_row full_width=&#8221;nowidthrow&#8221; css=&#8221;.vc_custom_1593768910767{margin-bottom: 1px !important;}&#8221; el_class=&#8221;.vc_custom_qrmenu&#8221;][vc_column][vc_single_image image=&#8221;5&#8243; img_size=&#8221;full&#8221; alignment=&#8221;center&#8221;][vc_text_separator title=&#8221;QR  [&#8230;]<\/p>\n","protected":false},"author":1,"featured_media":0,"parent":0,"menu_order":0,"comment_status":"closed","ping_status":"closed","template":"","meta":{"footnotes":""},"class_list":["post-378","page","type-page","status-publish","hentry"],"_links":{"self":[{"href":"https:\/\/thepinehill.com\/reef\/wp-json\/wp\/v2\/pages\/378","targetHints":{"allow":["GET"]}}],"collection":[{"href":"https:\/\/thepinehill.com\/reef\/wp-json\/wp\/v2\/pages"}],"about":[{"href":"https:\/\/thepinehill.com\/reef\/wp-json\/wp\/v2\/types\/page"}],"author":[{"embeddable":true,"href":"https:\/\/thepinehill.com\/reef\/wp-json\/wp\/v2\/users\/1"}],"replies":[{"embeddable":true,"href":"https:\/\/thepinehill.com\/reef\/wp-json\/wp\/v2\/comments?post=378"}],"version-history":[{"count":4,"href":"https:\/\/thepinehill.com\/reef\/wp-json\/wp\/v2\/pages\/378\/revisions"}],"predecessor-version":[{"id":523,"href":"https:\/\/thepinehill.com\/reef\/wp-json\/wp\/v2\/pages\/378\/revisions\/523"}],"wp:attachment":[{"href":"https:\/\/thepinehill.com\/reef\/wp-json\/wp\/v2\/media?parent=378"}],"curies":[{"name":"wp","href":"https:\/\/api.w.org\/{rel}","templated":true}]}}