{"id":262,"date":"2016-01-11T21:50:06","date_gmt":"2016-01-11T21:50:06","guid":{"rendered":"http:\/\/thepinehill.com\/hotel\/?page_id=262"},"modified":"2025-05-03T13:32:58","modified_gmt":"2025-05-03T13:32:58","slug":"our-history","status":"publish","type":"page","link":"https:\/\/thepinehill.com\/hotel\/our-history\/","title":{"rendered":"Our History"},"content":{"rendered":"<div class=\"fusion-bg-parallax\" data-bg-align=\"center center\" data-direction=\"down\" data-mute=\"false\" data-opacity=\"100\" data-velocity=\"-0.3\" data-mobile-enabled=\"false\" data-break_parents=\"0\" data-bg-image=\"https:\/\/thepinehill.com\/hotel\/wp-content\/uploads\/2015\/12\/pine-hill-hotel-history.jpg\" data-bg-repeat=\"false\" ><\/div><div class=\"fusion-fullwidth fullwidth-box fusion-builder-row-1 fusion-flex-container has-pattern-background has-mask-background fusion-parallax-down nonhundred-percent-fullwidth non-hundred-percent-height-scrolling fusion-no-small-visibility lazyload\" style=\"--awb-border-radius-top-left:0px;--awb-border-radius-top-right:0px;--awb-border-radius-bottom-right:0px;--awb-border-radius-bottom-left:0px;--awb-padding-top:200px;--awb-padding-right:0px;--awb-padding-bottom:200px;--awb-padding-left:0px;--awb-padding-top-small:100px;--awb-padding-bottom-small:100px;--awb-background-size:cover;--awb-flex-wrap:wrap;\" data-bg=\"https:\/\/thepinehill.com\/hotel\/wp-content\/uploads\/2015\/12\/pine-hill-hotel-history.jpg\" ><div class=\"fusion-builder-row fusion-row fusion-flex-align-items-flex-start fusion-flex-content-wrap\" style=\"max-width:1248px;margin-left: calc(-4% \/ 2 );margin-right: calc(-4% \/ 2 );\"><div class=\"fusion-layout-column fusion_builder_column fusion-builder-column-0 fusion_builder_column_1_1 1_1 fusion-flex-column\" style=\"--awb-bg-size:cover;--awb-width-large:100%;--awb-margin-top-large:0px;--awb-spacing-right-large:0px;--awb-margin-bottom-large:20px;--awb-spacing-left-large:0px;--awb-width-medium:100%;--awb-order-medium:0;--awb-spacing-right-medium:0px;--awb-spacing-left-medium:0px;--awb-width-small:100%;--awb-order-small:0;--awb-spacing-right-small:1.92%;--awb-spacing-left-small:1.92%;\"><div class=\"fusion-column-wrapper fusion-column-has-shadow fusion-flex-justify-content-flex-start fusion-content-layout-column\"><div class=\"fusion-separator fusion-full-width-sep\" style=\"align-self: center;margin-left: auto;margin-right: auto;width:100%;\"><\/div><\/div><\/div><\/div><\/div><div class=\"fusion-fullwidth fullwidth-box fusion-builder-row-2 fusion-flex-container hundred-percent-fullwidth non-hundred-percent-height-scrolling\" style=\"--awb-border-radius-top-left:0px;--awb-border-radius-top-right:0px;--awb-border-radius-bottom-right:0px;--awb-border-radius-bottom-left:0px;--awb-margin-top:30px;--awb-flex-wrap:wrap;\" ><div class=\"fusion-builder-row fusion-row fusion-flex-align-items-flex-start fusion-flex-content-wrap\" style=\"width:104% !important;max-width:104% !important;margin-left: calc(-4% \/ 2 );margin-right: calc(-4% \/ 2 );\"><div class=\"fusion-layout-column fusion_builder_column fusion-builder-column-1 fusion_builder_column_1_2 1_2 fusion-flex-column\" style=\"--awb-bg-size:cover;--awb-width-large:50%;--awb-margin-top-large:0px;--awb-spacing-right-large:3.84%;--awb-margin-bottom-large:0px;--awb-spacing-left-large:3.84%;--awb-width-medium:50%;--awb-spacing-right-medium:3.84%;--awb-spacing-left-medium:3.84%;--awb-width-small:100%;--awb-order-small:2;--awb-spacing-right-small:1.92%;--awb-spacing-left-small:1.92%;\"><div class=\"fusion-column-wrapper fusion-flex-justify-content-flex-start fusion-content-layout-column\"><div class=\"fusion-image-carousel fusion-image-carousel-auto fusion-image-carousel-1 fusion-carousel-border\" style=\"margin-bottom:0px;\"><div class=\"awb-carousel awb-swiper awb-swiper-carousel awb-swiper-dots-position-bottom awb-carousel--carousel\" data-layout=\"carousel\" data-autoplay=\"no\" data-autoplayspeed=\"2500\" data-autoplaypause=\"no\" data-columns=\"1.0\" data-itemmargin=\"13\" data-itemwidth=\"180\" data-touchscroll=\"no\" data-freemode=\"no\" data-imagesize=\"auto\" data-centeredslides=\"no\" data-rotationangle=\"50\" data-depth=\"100\" data-speed=\"500\" data-shadow=\"no\" style=\"--awb-columns:1.0;--awb-dots-align:center;\"><div class=\"swiper-wrapper awb-image-carousel-wrapper fusion-flex-align-items-center\"><div class=\"swiper-slide\"><div class=\"fusion-carousel-item-wrapper\"><div class=\"fusion-image-wrapper hover-type-none\"><img decoding=\"async\" width=\"1030\" height=\"800\" src=\"https:\/\/thepinehill.com\/hotel\/wp-content\/uploads\/2016\/01\/6-2.jpg\" class=\"attachment-full size-full lazyload\" alt=\"\" srcset=\"data:image\/svg+xml,%3Csvg%20xmlns%3D%27http%3A%2F%2Fwww.w3.org%2F2000%2Fsvg%27%20width%3D%271030%27%20height%3D%27800%27%20viewBox%3D%270%200%201030%20800%27%3E%3Crect%20width%3D%271030%27%20height%3D%27800%27%20fill-opacity%3D%220%22%2F%3E%3C%2Fsvg%3E\" data-orig-src=\"https:\/\/thepinehill.com\/hotel\/wp-content\/uploads\/2016\/01\/6-2.jpg\" data-srcset=\"https:\/\/thepinehill.com\/hotel\/wp-content\/uploads\/2016\/01\/6-2-300x233.jpg 300w, https:\/\/thepinehill.com\/hotel\/wp-content\/uploads\/2016\/01\/6-2-768x597.jpg 768w, https:\/\/thepinehill.com\/hotel\/wp-content\/uploads\/2016\/01\/6-2-1024x795.jpg 1024w, https:\/\/thepinehill.com\/hotel\/wp-content\/uploads\/2016\/01\/6-2.jpg 1030w\" data-sizes=\"auto\" \/><\/div><\/div><\/div><div class=\"swiper-slide\"><div class=\"fusion-carousel-item-wrapper\"><div class=\"fusion-image-wrapper hover-type-none\"><img decoding=\"async\" width=\"1030\" height=\"800\" src=\"https:\/\/thepinehill.com\/hotel\/wp-content\/uploads\/2016\/01\/5-2.jpg\" class=\"attachment-full size-full lazyload\" alt=\"\" srcset=\"data:image\/svg+xml,%3Csvg%20xmlns%3D%27http%3A%2F%2Fwww.w3.org%2F2000%2Fsvg%27%20width%3D%271030%27%20height%3D%27800%27%20viewBox%3D%270%200%201030%20800%27%3E%3Crect%20width%3D%271030%27%20height%3D%27800%27%20fill-opacity%3D%220%22%2F%3E%3C%2Fsvg%3E\" data-orig-src=\"https:\/\/thepinehill.com\/hotel\/wp-content\/uploads\/2016\/01\/5-2.jpg\" data-srcset=\"https:\/\/thepinehill.com\/hotel\/wp-content\/uploads\/2016\/01\/5-2-300x233.jpg 300w, https:\/\/thepinehill.com\/hotel\/wp-content\/uploads\/2016\/01\/5-2-768x597.jpg 768w, https:\/\/thepinehill.com\/hotel\/wp-content\/uploads\/2016\/01\/5-2-1024x795.jpg 1024w, https:\/\/thepinehill.com\/hotel\/wp-content\/uploads\/2016\/01\/5-2.jpg 1030w\" data-sizes=\"auto\" \/><\/div><\/div><\/div><div class=\"swiper-slide\"><div class=\"fusion-carousel-item-wrapper\"><div class=\"fusion-image-wrapper hover-type-none\"><img decoding=\"async\" width=\"1030\" height=\"800\" src=\"https:\/\/thepinehill.com\/hotel\/wp-content\/uploads\/2016\/01\/4-9.jpg\" class=\"attachment-full size-full lazyload\" alt=\"\" srcset=\"data:image\/svg+xml,%3Csvg%20xmlns%3D%27http%3A%2F%2Fwww.w3.org%2F2000%2Fsvg%27%20width%3D%271030%27%20height%3D%27800%27%20viewBox%3D%270%200%201030%20800%27%3E%3Crect%20width%3D%271030%27%20height%3D%27800%27%20fill-opacity%3D%220%22%2F%3E%3C%2Fsvg%3E\" data-orig-src=\"https:\/\/thepinehill.com\/hotel\/wp-content\/uploads\/2016\/01\/4-9.jpg\" data-srcset=\"https:\/\/thepinehill.com\/hotel\/wp-content\/uploads\/2016\/01\/4-9-300x233.jpg 300w, https:\/\/thepinehill.com\/hotel\/wp-content\/uploads\/2016\/01\/4-9-768x597.jpg 768w, https:\/\/thepinehill.com\/hotel\/wp-content\/uploads\/2016\/01\/4-9-1024x795.jpg 1024w, https:\/\/thepinehill.com\/hotel\/wp-content\/uploads\/2016\/01\/4-9.jpg 1030w\" data-sizes=\"auto\" \/><\/div><\/div><\/div><div class=\"swiper-slide\"><div class=\"fusion-carousel-item-wrapper\"><div class=\"fusion-image-wrapper hover-type-none\"><img decoding=\"async\" width=\"1030\" height=\"800\" src=\"https:\/\/thepinehill.com\/hotel\/wp-content\/uploads\/2016\/01\/3-9.jpg\" class=\"attachment-full size-full lazyload\" alt=\"\" srcset=\"data:image\/svg+xml,%3Csvg%20xmlns%3D%27http%3A%2F%2Fwww.w3.org%2F2000%2Fsvg%27%20width%3D%271030%27%20height%3D%27800%27%20viewBox%3D%270%200%201030%20800%27%3E%3Crect%20width%3D%271030%27%20height%3D%27800%27%20fill-opacity%3D%220%22%2F%3E%3C%2Fsvg%3E\" data-orig-src=\"https:\/\/thepinehill.com\/hotel\/wp-content\/uploads\/2016\/01\/3-9.jpg\" data-srcset=\"https:\/\/thepinehill.com\/hotel\/wp-content\/uploads\/2016\/01\/3-9-300x233.jpg 300w, https:\/\/thepinehill.com\/hotel\/wp-content\/uploads\/2016\/01\/3-9-768x597.jpg 768w, https:\/\/thepinehill.com\/hotel\/wp-content\/uploads\/2016\/01\/3-9-1024x795.jpg 1024w, https:\/\/thepinehill.com\/hotel\/wp-content\/uploads\/2016\/01\/3-9.jpg 1030w\" data-sizes=\"auto\" \/><\/div><\/div><\/div><div class=\"swiper-slide\"><div class=\"fusion-carousel-item-wrapper\"><div class=\"fusion-image-wrapper hover-type-none\"><img decoding=\"async\" width=\"1030\" height=\"800\" src=\"https:\/\/thepinehill.com\/hotel\/wp-content\/uploads\/2016\/01\/2-9.jpg\" class=\"attachment-full size-full lazyload\" alt=\"\" srcset=\"data:image\/svg+xml,%3Csvg%20xmlns%3D%27http%3A%2F%2Fwww.w3.org%2F2000%2Fsvg%27%20width%3D%271030%27%20height%3D%27800%27%20viewBox%3D%270%200%201030%20800%27%3E%3Crect%20width%3D%271030%27%20height%3D%27800%27%20fill-opacity%3D%220%22%2F%3E%3C%2Fsvg%3E\" data-orig-src=\"https:\/\/thepinehill.com\/hotel\/wp-content\/uploads\/2016\/01\/2-9.jpg\" data-srcset=\"https:\/\/thepinehill.com\/hotel\/wp-content\/uploads\/2016\/01\/2-9-300x233.jpg 300w, https:\/\/thepinehill.com\/hotel\/wp-content\/uploads\/2016\/01\/2-9-768x597.jpg 768w, https:\/\/thepinehill.com\/hotel\/wp-content\/uploads\/2016\/01\/2-9-1024x795.jpg 1024w, https:\/\/thepinehill.com\/hotel\/wp-content\/uploads\/2016\/01\/2-9.jpg 1030w\" data-sizes=\"auto\" \/><\/div><\/div><\/div><div class=\"swiper-slide\"><div class=\"fusion-carousel-item-wrapper\"><div class=\"fusion-image-wrapper hover-type-none\"><img decoding=\"async\" width=\"1030\" height=\"800\" src=\"https:\/\/thepinehill.com\/hotel\/wp-content\/uploads\/2016\/01\/1-9.jpg\" class=\"attachment-full size-full lazyload\" alt=\"\" srcset=\"data:image\/svg+xml,%3Csvg%20xmlns%3D%27http%3A%2F%2Fwww.w3.org%2F2000%2Fsvg%27%20width%3D%271030%27%20height%3D%27800%27%20viewBox%3D%270%200%201030%20800%27%3E%3Crect%20width%3D%271030%27%20height%3D%27800%27%20fill-opacity%3D%220%22%2F%3E%3C%2Fsvg%3E\" data-orig-src=\"https:\/\/thepinehill.com\/hotel\/wp-content\/uploads\/2016\/01\/1-9.jpg\" data-srcset=\"https:\/\/thepinehill.com\/hotel\/wp-content\/uploads\/2016\/01\/1-9-300x233.jpg 300w, https:\/\/thepinehill.com\/hotel\/wp-content\/uploads\/2016\/01\/1-9-768x597.jpg 768w, https:\/\/thepinehill.com\/hotel\/wp-content\/uploads\/2016\/01\/1-9-1024x795.jpg 1024w, https:\/\/thepinehill.com\/hotel\/wp-content\/uploads\/2016\/01\/1-9.jpg 1030w\" data-sizes=\"auto\" \/><\/div><\/div><\/div><\/div><div class=\"awb-swiper-button awb-swiper-button-prev\"><i class=\"awb-icon-angle-left\" aria-hidden=\"true\"><\/i><\/div><div class=\"awb-swiper-button awb-swiper-button-next\"><i class=\"awb-icon-angle-right\" aria-hidden=\"true\"><\/i><\/div><\/div><\/div><div class=\"fusion-text fusion-text-1 sm-text-align-center\"><h4>And so&#8230;.to today!<\/h4>\n<p>In 2015 we underwent a unique renovation and refinement with the aim of creating a superior class and quality holiday haven.&nbsp; Instead of the usual focus on added rooms and increased customer numbers, we chose to focus on added space, facilities, comfort and luxury in all areas.&nbsp; We took our inspiration from worldwide leading heritage hotels and we -have incorporated the finest ideas and materials from all over the world to ensure a blissful and serene environment for our highly valued guests to enjoy.&nbsp; Whilst we are in the heart of a bustling town, we have created an idyllic, relaxing holiday haven to satisfy all of your needs.&nbsp; We have increased our facilities to meet the demands of non-staying customers who also wish to enjoy visiting us and using the facilities we have to offer.&nbsp; With the increased space and areas we can welcome all without the feeling of being overcrowded so that each person feels as valued as they<\/p>\n<\/div><\/div><\/div><div class=\"fusion-layout-column fusion_builder_column fusion-builder-column-2 fusion_builder_column_1_2 1_2 fusion-flex-column\" style=\"--awb-bg-size:cover;--awb-width-large:50%;--awb-margin-top-large:0px;--awb-spacing-right-large:3.84%;--awb-margin-bottom-large:20px;--awb-spacing-left-large:3.84%;--awb-width-medium:50%;--awb-order-medium:0;--awb-spacing-right-medium:3.84%;--awb-spacing-left-medium:3.84%;--awb-width-small:100%;--awb-order-small:1;--awb-spacing-right-small:1.92%;--awb-spacing-left-small:1.92%;\"><div class=\"fusion-column-wrapper fusion-column-has-shadow fusion-flex-justify-content-flex-start fusion-content-layout-column\"><div class=\"fusion-text fusion-text-2 sm-text-align-center\"><h3>History of The PineHill<\/h3>\n<p>The Pine Hill Hotel you see around you now has come a very long way since its humble beginnings as The Holiday Pension bed &amp; breakfast in Fethiye in 1984.&nbsp; Back then, our main guests were back-packers who had travelled from all over the world.&nbsp; At this time European cuisine was relatively unknown in Turkey.&nbsp; However, this was the type of food that our guests were craving.<\/p>\n<p>It was M\u00fcn\u00fcre &#8211; owner of the hotel, and Selin, Or\u00e7un and Sertan\u2019s (Sonny) mother \u2013 who, after working as a pot washer in a restaurant in Europe, became recognised for her cooking talent and then worked her way up to the position of sous Chef in the space of six months.&nbsp; M\u00fcn\u00fcre accumulated a great knowledge of cooking in the restaurant, which specialised in Game meat, and, when she returned to Turkey, she started to cook these European dishes at her Holiday Pension for the back-packers she hosted.&nbsp; Over time, word about her small bed &amp; breakfast and enviable cooking skills (both European and Turkish) spread like wild fire through the travelling community, and the hostel gained recognition in trusted travel books such as Rough Guide, and Lonely Planet.<\/p>\n<p>At the end of the 80\u2019s, Hisar\u00f6n\u00fc was still a tobacco-farming village with no telephone lines, no running water, and an unreliable electricity service.&nbsp; Yet, always the entrepreneur, M\u00fcn\u00fcre spread her business to Hisar\u00f6n\u00fc in 1988 with a small bed &amp; breakfast of 11 rooms, which became known as The Holiday Hotel, and she brought focus to her infamous restaurant.&nbsp; Since then, M\u00fcn\u00fcre has taken pride in her style of cooking, which produces meals, that she defines as being simple to the eye but, with a complexity to the flavour that leaves a lasting impression on the taste buds.<\/p>\n<\/div><\/div><\/div><\/div><\/div>\n","protected":false},"excerpt":{"rendered":"And so....to today! In 2015 we underwent a unique renovation  [...]","protected":false},"author":1,"featured_media":668,"parent":0,"menu_order":0,"comment_status":"closed","ping_status":"closed","template":"100-width.php","meta":{"footnotes":""},"class_list":["post-262","page","type-page","status-publish","has-post-thumbnail","hentry"],"_links":{"self":[{"href":"https:\/\/thepinehill.com\/hotel\/wp-json\/wp\/v2\/pages\/262","targetHints":{"allow":["GET"]}}],"collection":[{"href":"https:\/\/thepinehill.com\/hotel\/wp-json\/wp\/v2\/pages"}],"about":[{"href":"https:\/\/thepinehill.com\/hotel\/wp-json\/wp\/v2\/types\/page"}],"author":[{"embeddable":true,"href":"https:\/\/thepinehill.com\/hotel\/wp-json\/wp\/v2\/users\/1"}],"replies":[{"embeddable":true,"href":"https:\/\/thepinehill.com\/hotel\/wp-json\/wp\/v2\/comments?post=262"}],"version-history":[{"count":17,"href":"https:\/\/thepinehill.com\/hotel\/wp-json\/wp\/v2\/pages\/262\/revisions"}],"predecessor-version":[{"id":1335,"href":"https:\/\/thepinehill.com\/hotel\/wp-json\/wp\/v2\/pages\/262\/revisions\/1335"}],"wp:featuredmedia":[{"embeddable":true,"href":"https:\/\/thepinehill.com\/hotel\/wp-json\/wp\/v2\/media\/668"}],"wp:attachment":[{"href":"https:\/\/thepinehill.com\/hotel\/wp-json\/wp\/v2\/media?parent=262"}],"curies":[{"name":"wp","href":"https:\/\/api.w.org\/{rel}","templated":true}]}}