{"id":1047,"date":"2023-12-27T09:05:10","date_gmt":"2023-12-27T09:05:10","guid":{"rendered":"https:\/\/thepinehill.com\/hotel\/?page_id=1047"},"modified":"2025-05-02T21:40:40","modified_gmt":"2025-05-02T21:40:40","slug":"sustainability-and-environmental-policy","status":"publish","type":"page","link":"https:\/\/thepinehill.com\/hotel\/sustainability-and-environmental-policy\/","title":{"rendered":"SUSTAINABILITY AND ENVIRONMENTAL POLICY"},"content":{"rendered":"<div class=\"fusion-fullwidth fullwidth-box fusion-builder-row-1 fusion-flex-container nonhundred-percent-fullwidth non-hundred-percent-height-scrolling\" style=\"--awb-border-radius-top-left:0px;--awb-border-radius-top-right:0px;--awb-border-radius-bottom-right:0px;--awb-border-radius-bottom-left:0px;--awb-flex-wrap:wrap;\" ><div class=\"fusion-builder-row fusion-row fusion-flex-align-items-flex-start fusion-flex-content-wrap\" style=\"max-width:1248px;margin-left: calc(-4% \/ 2 );margin-right: calc(-4% \/ 2 );\"><div class=\"fusion-layout-column fusion_builder_column fusion-builder-column-0 fusion_builder_column_1_1 1_1 fusion-flex-column\" style=\"--awb-bg-size:cover;--awb-width-large:100%;--awb-margin-top-large:0px;--awb-spacing-right-large:1.92%;--awb-margin-bottom-large:0px;--awb-spacing-left-large:1.92%;--awb-width-medium:100%;--awb-spacing-right-medium:1.92%;--awb-spacing-left-medium:1.92%;--awb-width-small:100%;--awb-spacing-right-small:1.92%;--awb-spacing-left-small:1.92%;\"><div class=\"fusion-column-wrapper fusion-flex-justify-content-flex-start fusion-content-layout-column\"><div class=\"fusion-tabs fusion-tabs-1 classic nav-is-justified horizontal-tabs icon-position-left mobile-mode-accordion\" style=\"--awb-title-border-radius-top-left:0px;--awb-title-border-radius-top-right:0px;--awb-title-border-radius-bottom-right:0px;--awb-title-border-radius-bottom-left:0px;--awb-alignment:start;--awb-inactive-color:var(--awb-color2);--awb-background-color:var(--awb-color1);--awb-border-color:var(--awb-color3);--awb-active-border-color:#af15a3;\"><div class=\"nav\"><ul class=\"nav-tabs nav-justified\" role=\"tablist\"><li class=\"active\" role=\"presentation\"><a class=\"tab-link\" data-toggle=\"tab\" role=\"tab\" aria-controls=\"tab-2201e60dcf9e55c3b8d\" aria-selected=\"true\" id=\"fusion-tab-english\" href=\"#tab-2201e60dcf9e55c3b8d\"><h4 class=\"fusion-tab-heading\">ENGLISH<\/h4><\/a><\/li><li role=\"presentation\"><a class=\"tab-link\" data-toggle=\"tab\" role=\"tab\" aria-controls=\"tab-dc7e8642aeb9f2d09f7\" aria-selected=\"false\" tabindex=\"-1\" id=\"fusion-tab-t\u00dcrk\u00c7e\" href=\"#tab-dc7e8642aeb9f2d09f7\"><h4 class=\"fusion-tab-heading\">T\u00dcRK\u00c7E<\/h4><\/a><\/li><\/ul><\/div><div class=\"tab-content\"><div class=\"nav fusion-mobile-tab-nav\"><ul class=\"nav-tabs nav-justified\" role=\"tablist\"><li class=\"active\" role=\"presentation\"><a class=\"tab-link\" data-toggle=\"tab\" role=\"tab\" aria-controls=\"tab-2201e60dcf9e55c3b8d\" aria-selected=\"true\" id=\"mobile-fusion-tab-english\" href=\"#tab-2201e60dcf9e55c3b8d\"><h4 class=\"fusion-tab-heading\">ENGLISH<\/h4><\/a><\/li><\/ul><\/div><div class=\"tab-pane fade fusion-clearfix in active\" role=\"tabpanel\" tabindex=\"0\" aria-labelledby=\"fusion-tab-english\" id=\"tab-2201e60dcf9e55c3b8d\">\n<h1>SUSTAINABILITY AND ENVIRONMENTAL POLICY<\/h1>\n<p>We believe that our sector, which benefits from natural resources, should perform its duties in order to protect the environment, the integrity of our life and to improve it more and more every day. We provide comprehensive training to all our employees in order to instill this goal and we are taking firm steps towards becoming an enlightening facility.<\/p>\n<p>We take it as our duty to protect natural life and increase our green areas and reduce our waste from its source.<\/p>\n<p>In the continuous development of our sustainability management system, we carefully follow technological innovations, environmental regulations, local activities and guest expectations and select our suppliers in accordance with this issue. Together with all our stakeholders, we aim to provide the highest quality holiday experience to our esteemed guests. We follow up all guest suggestions and complaints from all kinds of sources and resolve complaints in accordance with the code of ethical conduct. By informing our guests about this in a transparent way, we turn complaints into opportunities for ourselves. We aim to make you experience the unique tastes of the Fethiye region, to present you with the historical beauties and to be a pioneer in the promotion of our cultural heritage.<\/p>\n<ol>\n<li>Adoption of waste-free applications<\/li>\n<li>Preparation and implementation of projects for waste recovery, reuse and conversion<\/li>\n<li>Protection of natural life<\/li>\n<li>Energy saving, research of renewable energy sources<\/li>\n<li>Recording water use and preventing leaks<\/li>\n<li>Introducing, encouraging the practices made within the scope of environmental sustainability to the society and ensuring the participation of the society<\/li>\n<li>We aim to work with environmentally certified suppliers who have provided the necessary working environment, who take care of working hours and remuneration and work in compliance with all legal regulations<\/li>\n<\/ol>\n<\/div><div class=\"nav fusion-mobile-tab-nav\"><ul class=\"nav-tabs nav-justified\" role=\"tablist\"><li role=\"presentation\"><a class=\"tab-link\" data-toggle=\"tab\" role=\"tab\" aria-controls=\"tab-dc7e8642aeb9f2d09f7\" aria-selected=\"false\" tabindex=\"-1\" id=\"mobile-fusion-tab-t\u00dcrk\u00c7e\" href=\"#tab-dc7e8642aeb9f2d09f7\"><h4 class=\"fusion-tab-heading\">T\u00dcRK\u00c7E<\/h4><\/a><\/li><\/ul><\/div><div class=\"tab-pane fade fusion-clearfix\" role=\"tabpanel\" tabindex=\"0\" aria-labelledby=\"fusion-tab-t\u00dcrk\u00c7e\" id=\"tab-dc7e8642aeb9f2d09f7\">\n<h1>S\u00dcRD\u00dcR\u00dcLEB\u0130L\u0130RL\u0130K VE \u00c7EVRE POL\u0130T\u0130KASI<\/h1>\n<p>\u00c7evremizin, ya\u015fam b\u00fct\u00fcnl\u00fc\u011f\u00fcm\u00fcz\u00fcn korunmas\u0131 ve her ge\u00e7en g\u00fcn daha da iyile\u015ftirilmesi i\u00e7in do\u011fal kaynaklardan yararlanan sekt\u00f6r\u00fcm\u00fcz\u00fcn \u00fczerine d\u00fc\u015fen g\u00f6revleri yapmas\u0131 gerekti\u011fine inan\u0131yoruz. T\u00fcm \u00e7al\u0131\u015fanlar\u0131m\u0131za bu amac\u0131 a\u015f\u0131lamak i\u00e7in kapsaml\u0131 e\u011fitimler veriyor ve ayd\u0131nlatan bir tesis olma yolunda emin ad\u0131mlarla ilerliyoruz.<\/p>\n<p>Do\u011fal ya\u015fam\u0131 korumay\u0131 ve ye\u015fil alanlar\u0131m\u0131z\u0131 artt\u0131rmay\u0131, at\u0131klar\u0131m\u0131z\u0131 kayna\u011f\u0131ndan azaltmay\u0131 g\u00f6rev ediniyoruz.<\/p>\n<p>S\u00fcrd\u00fcr\u00fclebilirlik y\u00f6netim sistemimizin s\u00fcrekli geli\u015fmesinde; teknolojik yenilikleri, \u00e7evresel d\u00fczenlemeleri, y\u00f6resel faaliyetler ve misafir beklentilerini titizlikle takip ediyoruz ve tedarik\u00e7ilerimizi bu konu do\u011frultusunda se\u00e7iyoruz.<\/p>\n<p>T\u00fcm payda\u015flar\u0131m\u0131z ile birlikte siz de\u011ferli misafirlerimize en y\u00fcksek kalitede tatil deneyimi sunmay\u0131 ama\u00e7l\u0131yoruz. Her t\u00fcrl\u00fc kaynaktan gelen t\u00fcm misafir \u00f6neri ve \u015fikayetlerini takip ediyor, \u015fik\u00e2yetleri etik davran\u0131\u015f kurallar\u0131na uygun \u015fekilde \u00e7\u00f6z\u00fcml\u00fcyoruz. Misafirlerimizi bu konuda \u015feffaf \u015fekilde bilgilendirerek, \u015fik\u00e2yetleri kendimiz i\u00e7in f\u0131rsata d\u00f6n\u00fc\u015ft\u00fcr\u00fcyoruz.<\/p>\n<p>Fethiye b\u00f6lgesine ait e\u015fsiz tatlar\u0131 size deneyimletmeyi, tarihi g\u00fczellikleri sizlere sunmay\u0131 ve k\u00fclt\u00fcrel miras\u0131m\u0131z\u0131n tan\u0131t\u0131lmas\u0131nda bir \u00f6nc\u00fc olmay\u0131 hedefliyoruz.<\/p>\n<ol>\n<li>At\u0131k olu\u015fturmayan uygulamalar\u0131n benimsenmesi<\/li>\n<li>At\u0131k geri kazan\u0131m, yeniden kullan\u0131m ve d\u00f6n\u00fc\u015f\u00fcm\u00fc i\u00e7in projeler haz\u0131rlanmas\u0131 ve uygulanmas\u0131<\/li>\n<li>Do\u011fal ya\u015fam\u0131n korunmas\u0131<\/li>\n<li>Enerji tasarrufu sa\u011flanmas\u0131, yenilenebilir enerji kaynaklar\u0131n\u0131n ara\u015ft\u0131r\u0131lmas\u0131<\/li>\n<li>Su kullan\u0131m\u0131n\u0131n kay\u0131t alt\u0131na al\u0131nmas\u0131 ve ka\u00e7aklar\u0131n \u00f6nlenmesi<\/li>\n<li>\u00c7evresel s\u00fcrd\u00fcr\u00fclebilirlik kapsam\u0131nda yap\u0131lan uygulamalar\u0131n topluma tan\u0131t\u0131lmas\u0131, \u00f6zendirilmesi ve toplumun kat\u0131l\u0131m\u0131n\u0131n sa\u011flanmas\u0131<\/li>\n<li>Gerekli \u00e7al\u0131\u015fma ortam\u0131n\u0131 sa\u011flam\u0131\u015f, \u00e7al\u0131\u015fma saatleri ve \u00fccretlendirmeye \u00f6zen g\u00f6steren ve t\u00fcm yasal d\u00fczenlemelere uyum sa\u011flayarak \u00e7al\u0131\u015fan, \u00e7evre sertifikal\u0131 tedarik\u00e7iler ile \u00e7al\u0131\u015fmay\u0131 hedefliyoruz.<\/li>\n<\/ol>\n<\/div><\/div><\/div><\/div><\/div><\/div><\/div>\n","protected":false},"excerpt":{"rendered":"ENGLISHT\u00dcRK\u00c7EENGLISHSUSTAINABILITY AND ENVIRONMENTAL POLICYWe believe that our sector, which benefits  [...]","protected":false},"author":1,"featured_media":0,"parent":0,"menu_order":0,"comment_status":"closed","ping_status":"closed","template":"","meta":{"footnotes":""},"class_list":["post-1047","page","type-page","status-publish","hentry"],"_links":{"self":[{"href":"https:\/\/thepinehill.com\/hotel\/wp-json\/wp\/v2\/pages\/1047","targetHints":{"allow":["GET"]}}],"collection":[{"href":"https:\/\/thepinehill.com\/hotel\/wp-json\/wp\/v2\/pages"}],"about":[{"href":"https:\/\/thepinehill.com\/hotel\/wp-json\/wp\/v2\/types\/page"}],"author":[{"embeddable":true,"href":"https:\/\/thepinehill.com\/hotel\/wp-json\/wp\/v2\/users\/1"}],"replies":[{"embeddable":true,"href":"https:\/\/thepinehill.com\/hotel\/wp-json\/wp\/v2\/comments?post=1047"}],"version-history":[{"count":4,"href":"https:\/\/thepinehill.com\/hotel\/wp-json\/wp\/v2\/pages\/1047\/revisions"}],"predecessor-version":[{"id":1202,"href":"https:\/\/thepinehill.com\/hotel\/wp-json\/wp\/v2\/pages\/1047\/revisions\/1202"}],"wp:attachment":[{"href":"https:\/\/thepinehill.com\/hotel\/wp-json\/wp\/v2\/media?parent=1047"}],"curies":[{"name":"wp","href":"https:\/\/api.w.org\/{rel}","templated":true}]}}